{"id":722,"date":"2024-08-16T15:19:24","date_gmt":"2024-08-16T12:19:24","guid":{"rendered":"https:\/\/www.parranajajat.fi\/?page_id=722"},"modified":"2024-08-16T15:58:04","modified_gmt":"2024-08-16T12:58:04","slug":"linkit","status":"publish","type":"page","link":"https:\/\/www.parranajajat.fi\/?page_id=722","title":{"rendered":"Linkit"},"content":{"rendered":"<aside id=\"simple-links-2\" class=\"widget sl-links-main\">\n<h1 class=\"widget-title\"><span style=\"color: #000000;\">Blogit<\/span><\/h1>\n<ul id=\"simple-links-2-list\" class=\"simple-links-list simple-links-2-list\">\n<li id=\"link-238\" class=\"simple-links-item simple-links-widget-item\"><span style=\"color: #000000;\"><a style=\"color: #000000;\" title=\"\" href=\"http:\/\/vaahtopaa.vuodatus.net\/\">Vaahtop\u00e4\u00e4<\/a><\/span><\/li>\n<li id=\"link-91\" class=\"simple-links-item simple-links-widget-item\"><span style=\"color: #000000;\"><a style=\"color: #000000;\" title=\"\" href=\"http:\/\/siloposki.blogspot.fi\/\">Siisti Siloposki<\/a><\/span><\/li>\n<li id=\"link-23\" class=\"simple-links-item simple-links-widget-item\"><span style=\"color: #000000;\"><a style=\"color: #000000;\" title=\"\" href=\"http:\/\/shavingpex.vuodatus.net\/\">Peksun partablogi<\/a><\/span><\/li>\n<li id=\"link-25\" class=\"simple-links-item simple-links-widget-item\"><span style=\"color: #000000;\"><a style=\"color: #000000;\" title=\"\" href=\"http:\/\/aamuajo.vuodatus.net\/\">Aamuajo<\/a><\/span><\/li>\n<\/ul>\n<\/aside>\n<aside id=\"simple-links-3\" class=\"widget sl-links-main\">\n<h1 class=\"widget-title\"><span style=\"color: #000000;\">Kaupat ja sv\u00e4pit<\/span><\/h1>\n<ul id=\"simple-links-3-list\" class=\"simple-links-list simple-links-3-list\">\n<li id=\"link-123\" class=\"simple-links-item simple-links-widget-item\"><span style=\"color: #000000;\"><a style=\"color: #000000;\" title=\"Shaveclub.fi\" href=\"http:\/\/www.shaveclub.fi\/\" target=\"_blank\" rel=\"noopener\">Shaveclub.fi<\/a><\/span><\/li>\n<li id=\"link-128\" class=\"simple-links-item simple-links-widget-item\"><span style=\"color: #000000;\"><a style=\"color: #000000;\" title=\"\" href=\"http:\/\/www.dickjohnson.fi\/\">Dick Johnson<\/a><\/span><\/li>\n<li id=\"link-286\" class=\"simple-links-item simple-links-widget-item\"><span style=\"color: #000000;\"><a style=\"color: #000000;\" title=\"\" href=\"https:\/\/www.groom.fi\/verkkokauppa\/\" target=\"_blank\" rel=\"noopener\">GROOM Verkkokauppa<\/a><\/span><\/li>\n<li id=\"link-486\" class=\"simple-links-item simple-links-widget-item\"><span style=\"color: #000000;\"><a style=\"color: #000000;\" title=\"\" href=\"https:\/\/www.trendhim.fi\/parranajo-c.html\" target=\"_blank\" rel=\"noopener\">Trendhim<\/a><\/span><\/li>\n<li id=\"link-638\" class=\"simple-links-item simple-links-widget-item\"><span style=\"color: #000000;\"><a style=\"color: #000000;\" title=\"\" href=\"http:\/\/www.vintageshave.fi\/\" target=\"_blank\" rel=\"noopener\">VintageShave<\/a><\/span><\/li>\n<li id=\"link-644\" class=\"simple-links-item simple-links-widget-item\"><span style=\"color: #000000;\"><a style=\"color: #000000;\" title=\"\" href=\"https:\/\/www.saarnigb.fi\/\" target=\"_blank\" rel=\"noopener\">Saarni GB<\/a><\/span><\/li>\n<li id=\"link-653\" class=\"simple-links-item simple-links-widget-item\"><span style=\"color: #000000;\"><a style=\"color: #000000;\" title=\"\" href=\"https:\/\/www.kampaamotuotteet.fi\/\" target=\"_blank\" rel=\"noopener\">Kampaamotuotteet.fi<\/a><\/span><\/li>\n<li id=\"link-678\" class=\"simple-links-item simple-links-widget-item\"><span style=\"color: #000000;\"><a style=\"color: #000000;\" title=\"\" href=\"https:\/\/www.nordicshaving.com\/\">Nordic Shaving Company<\/a><\/span><\/li>\n<li id=\"link-703\" class=\"simple-links-item simple-links-widget-item\"><span style=\"color: #000000;\"><a style=\"color: #000000;\" title=\"\" href=\"https:\/\/www.hiomakivi.fi\/\" target=\"_blank\" rel=\"noopener\">Hiomakivi.fi<\/a><\/span><\/li>\n<li id=\"link-27\" class=\"simple-links-item simple-links-widget-item\"><span style=\"color: #000000;\"><a style=\"color: #000000;\" title=\"\" href=\"http:\/\/www.mroomshop.com\/\" target=\"_blank\" rel=\"noopener\">MRoomShop nettikauppa<\/a><\/span><\/li>\n<li id=\"link-95\" class=\"simple-links-item simple-links-widget-item\"><span style=\"color: #000000;\"><a style=\"color: #000000;\" title=\"\" href=\"http:\/\/herrainpukimo.fi\/\">Herrainpukimo<\/a><\/span><\/li>\n<li id=\"link-119\" class=\"simple-links-item simple-links-widget-item\"><span style=\"color: #000000;\"><a style=\"color: #000000;\" title=\"\" href=\"http:\/\/parranajajat.fi\/foorumi\/viewforum.php?f=20&amp;sid=b2b209b818a11fcb8ed143ba0b2e0ac4\">Parranajajat.fi-sv\u00e4p<\/a><\/span><\/li>\n<li id=\"link-115\" class=\"simple-links-item simple-links-widget-item\"><span style=\"color: #000000;\"><a style=\"color: #000000;\" title=\"\" href=\"https:\/\/www.facebook.com\/groups\/partaveitsi\/photos\/\">Partaveitsik\u00e4ytt\u00e4j\u00e4t-sv\u00e4p<\/a><\/span><\/li>\n<li id=\"link-117\" class=\"simple-links-item simple-links-widget-item\"><span style=\"color: #000000;\"><a style=\"color: #000000;\" title=\"\" href=\"https:\/\/www.facebook.com\/groups\/1416751231957674\/\">Razor&#8217;s stuff flea market-sv\u00e4p<\/a><\/span><\/li>\n<\/ul>\n<\/aside>\n<aside id=\"simple-links-4\" class=\"widget sl-links-main\">\n<h1 class=\"widget-title\"><span style=\"color: #000000;\">Parturit<\/span><\/h1>\n<ul id=\"simple-links-4-list\" class=\"simple-links-list simple-links-4-list\">\n<li id=\"link-173\" class=\"simple-links-item simple-links-widget-item\"><span style=\"color: #000000;\"><a style=\"color: #000000;\" title=\"\" href=\"https:\/\/varaa.timma.fi\/tukkatakomo\" target=\"_blank\" rel=\"noopener\">Tukkatakomo<\/a><\/span><\/li>\n<li id=\"link-602\" class=\"simple-links-item simple-links-widget-item\"><span style=\"color: #000000;\"><a style=\"color: #000000;\" title=\"\" href=\"http:\/\/www.partajapalmikko.fi\/\" target=\"_blank\" rel=\"noopener\">Parta ja palmikko<\/a><\/span><\/li>\n<li id=\"link-621\" class=\"simple-links-item simple-links-widget-item\"><span style=\"color: #000000;\"><a style=\"color: #000000;\" title=\"\" href=\"http:\/\/www.salonbackstage.fi\/\" target=\"_blank\" rel=\"noopener\">Salon Backstage<\/a><\/span><\/li>\n<li id=\"link-629\" class=\"simple-links-item simple-links-widget-item\"><span style=\"color: #000000;\"><a style=\"color: #000000;\" title=\"\" href=\"http:\/\/www.studiolinja.fi\/\" target=\"_blank\" rel=\"noopener\">Studio Linja<\/a><\/span><\/li>\n<li id=\"link-656\" class=\"simple-links-item simple-links-widget-item\"><span style=\"color: #000000;\"><a style=\"color: #000000;\" title=\"\" href=\"http:\/\/jonisbarbershop.fi\/\" target=\"_blank\" rel=\"noopener\">Joni&#8217;s Barber Shop<\/a><\/span><\/li>\n<li id=\"link-102\" class=\"simple-links-item simple-links-widget-item\"><span style=\"color: #000000;\"><a style=\"color: #000000;\" title=\"\" href=\"http:\/\/www.salonjosefina.fi\/\">Salon Josefina Oy<\/a><\/span><\/li>\n<li id=\"link-29\" class=\"simple-links-item simple-links-widget-item\"><span style=\"color: #000000;\"><a style=\"color: #000000;\" title=\"\" href=\"http:\/\/www.groom.fi\/\">GROOM Parturit<\/a><\/span><\/li>\n<li id=\"link-31\" class=\"simple-links-item simple-links-widget-item\"><span style=\"color: #000000;\"><a style=\"color: #000000;\" title=\"\" href=\"http:\/\/www.mroom.com\/\">M Room<\/a><\/span><\/li>\n<li id=\"link-47\" class=\"simple-links-item simple-links-widget-item\"><span style=\"color: #000000;\"><a style=\"color: #000000;\" title=\"\" href=\"http:\/\/thebarbershop.fi\/\">The Barber Shop<\/a><\/span><\/li>\n<li id=\"link-49\" class=\"simple-links-item simple-links-widget-item\"><span style=\"color: #000000;\"><a style=\"color: #000000;\" title=\"\" href=\"http:\/\/barber.fi\/\">Nik&#8217;s Barber Shop<\/a><\/span><\/li>\n<li id=\"link-51\" class=\"simple-links-item simple-links-widget-item\"><span style=\"color: #000000;\"><a style=\"color: #000000;\" title=\"\" href=\"https:\/\/www.salonsir.fi\/\">Parturi Salon Sir<\/a><\/span><\/li>\n<\/ul>\n<\/aside>\n<aside id=\"simple-links-5\" class=\"widget sl-links-main\">\n<h1 class=\"widget-title\"><span style=\"color: #000000;\">Muut<\/span><\/h1>\n<ul id=\"simple-links-5-list\" class=\"simple-links-list simple-links-5-list\">\n<li id=\"link-88\" class=\"simple-links-item simple-links-widget-item\"><span style=\"color: #000000;\"><a style=\"color: #000000;\" title=\"\" href=\"http:\/\/fi.wikipedia.org\/wiki\/Partah%C3%B6yl%C3%A4\">Partah\u00f6yl\u00e4-Wikipedia<\/a><\/span><\/li>\n<li id=\"link-86\" class=\"simple-links-item simple-links-widget-item\"><span style=\"color: #000000;\"><a style=\"color: #000000;\" title=\"\" href=\"http:\/\/fi.wikipedia.org\/wiki\/Partaveitsi\">Partaveitsi-Wikipedia<\/a><\/span><\/li>\n<\/ul>\n<\/aside>\n","protected":false},"excerpt":{"rendered":"<p>Blogit Vaahtop\u00e4\u00e4 Siisti Siloposki Peksun partablogi Aamuajo Kaupat ja sv\u00e4pit Shaveclub.fi Dick Johnson GROOM Verkkokauppa Trendhim VintageShave Saarni GB Kampaamotuotteet.fi Nordic Shaving Company Hiomakivi.fi MRoomShop nettikauppa Herrainpukimo Parranajajat.fi-sv\u00e4p Partaveitsik\u00e4ytt\u00e4j\u00e4t-sv\u00e4p Razor&#8217;s stuff flea market-sv\u00e4p Parturit Tukkatakomo Parta ja palmikko Salon Backstage Studio Linja Joni&#8217;s Barber Shop Salon Josefina Oy GROOM Parturit M Room The Barber Shop &hellip; <a href=\"https:\/\/www.parranajajat.fi\/?page_id=722\" class=\"more-link\">Jatka lukemista<span class=\"screen-reader-text\"> &#8221;Linkit&#8221;<\/span><\/a><\/p>\n","protected":false},"author":1,"featured_media":0,"parent":0,"menu_order":0,"comment_status":"closed","ping_status":"closed","template":"","meta":{"footnotes":"","_links_to":"","_links_to_target":""},"class_list":["post-722","page","type-page","status-publish","hentry"],"_links":{"self":[{"href":"https:\/\/www.parranajajat.fi\/index.php?rest_route=\/wp\/v2\/pages\/722","targetHints":{"allow":["GET"]}}],"collection":[{"href":"https:\/\/www.parranajajat.fi\/index.php?rest_route=\/wp\/v2\/pages"}],"about":[{"href":"https:\/\/www.parranajajat.fi\/index.php?rest_route=\/wp\/v2\/types\/page"}],"author":[{"embeddable":true,"href":"https:\/\/www.parranajajat.fi\/index.php?rest_route=\/wp\/v2\/users\/1"}],"replies":[{"embeddable":true,"href":"https:\/\/www.parranajajat.fi\/index.php?rest_route=%2Fwp%2Fv2%2Fcomments&post=722"}],"version-history":[{"count":9,"href":"https:\/\/www.parranajajat.fi\/index.php?rest_route=\/wp\/v2\/pages\/722\/revisions"}],"predecessor-version":[{"id":745,"href":"https:\/\/www.parranajajat.fi\/index.php?rest_route=\/wp\/v2\/pages\/722\/revisions\/745"}],"wp:attachment":[{"href":"https:\/\/www.parranajajat.fi\/index.php?rest_route=%2Fwp%2Fv2%2Fmedia&parent=722"}],"curies":[{"name":"wp","href":"https:\/\/api.w.org\/{rel}","templated":true}]}}