{"id":558,"date":"2017-02-02T00:27:50","date_gmt":"2017-02-01T22:27:50","guid":{"rendered":"http:\/\/www.parranajajat.fi\/sivut\/?page_id=558"},"modified":"2024-08-16T16:04:46","modified_gmt":"2024-08-16T13:04:46","slug":"koulutuksia","status":"publish","type":"page","link":"https:\/\/www.parranajajat.fi\/?page_id=558","title":{"rendered":"Koulutuksia"},"content":{"rendered":"<h2>Parranajajat kouluttaa!<\/h2>\n<p>Tarjoamme edullisia m\u00e4rk\u00e4ajokoulutuksia, taustalla ei tarvitse olla alan koulutusta, vaan kuka tahansa voi osallistua kurssille. Kurssit pidet\u00e4\u00e4n p\u00e4\u00e4s\u00e4\u00e4nt\u00f6isesti asiakkaan tiloissa (koulutustila Helsingiss\u00e4 my\u00f6s k\u00e4ytett\u00e4viss\u00e4). Tilasta olisi hyv\u00e4 l\u00f6yty\u00e4 vesipiste ja p\u00f6yt\u00e4tilaa. Meilt\u00e4 l\u00f6ytyy my\u00f6s yksi mukana kulkeva parturituoli.\u00a0 Kurssit voi maksaa ennakkoon tilille, MobilePayll\u00e4, Paypalilla, laskulla, k\u00e4teisell\u00e4 tai pankkikortilla. Kurssin sis\u00e4lt\u00f6 r\u00e4\u00e4t\u00e4l\u00f6it\u00e4viss\u00e4 tarpeen mukaan.<\/p>\n<p>&nbsp;<\/p>\n<p><a href=\"http:\/\/www.parranajajat.fi\/sivut\/wp-content\/uploads\/2017\/02\/Kouvola18022017.jpg\"><img loading=\"lazy\" decoding=\"async\" class=\"wp-image-589 size-medium aligncenter\" src=\"http:\/\/www.parranajajat.fi\/sivut\/wp-content\/uploads\/2017\/02\/Kouvola18022017-225x300.jpg\" width=\"225\" height=\"300\" srcset=\"https:\/\/www.parranajajat.fi\/sivut\/wp-content\/uploads\/2017\/02\/Kouvola18022017-225x300.jpg 225w, https:\/\/www.parranajajat.fi\/sivut\/wp-content\/uploads\/2017\/02\/Kouvola18022017.jpg 720w\" sizes=\"auto, (max-width: 225px) 85vw, 225px\" \/><\/a><\/p>\n<p>&nbsp;<\/p>\n<p style=\"text-align: left;\">Kouvolan seudun ammattiopistolla helmikuussa 2017.<\/p>\n<p style=\"text-align: left;\">\u201dKoulutukseen osallistuneet pitiv\u00e4t Markkua ja Uulaa hyvin\u00e4 ja asiallisina kouluttajina, Koulutusta pidettiin selke\u00e4n\u00e4 sek\u00e4 johdonmukaisena. Erityiskiitosta sai molempien miesten parranajoon liittyvien tuotteiden tuotetuntemus, sek\u00e4 oikean partaveitsen tutuksi tuominen tuleville kauneudenhoitoalan ammattilaisille. Voin l\u00e4mpim\u00e4sti suositella Parranajajat.fi:n j\u00e4rjest\u00e4mi\u00e4 koulutuksia. Kouvolassa 7.3.2017 Katja Paavola, kouluttaja, hiusala\u201d<\/p>\n<h3>Esimerkki koulutussis\u00e4ll\u00f6st\u00e4:<\/h3>\n<h3>VEITSI-1<\/h3>\n<p>Kurssilla tutustutaan partaveitseen ja opetellaan partaveitsen yll\u00e4pitoteroitus. Nopeasti suoritettavalla yll\u00e4pitoteroituksella pid\u00e4t veitsesi hyv\u00e4ss\u00e4 ajokunnossa pitk\u00e4\u00e4n. Kurssilla k\u00e4sitell\u00e4\u00e4n seuraavat asiat:<\/p>\n<p>tutustuminen veitseen<br \/>\nteroituskiven suoristus<br \/>\nteroitustekniikat<br \/>\nter\u00e4vyyden toteaminen<br \/>\nstroppaus (nahkavy\u00f6ll\u00e4 viimeistely)<br \/>\ndesinfiointi<\/p>\n<p>Kurssin kesto: puoli p\u00e4iv\u00e4\u00e4 (n. 4 tuntia). Koulutettavilla on mahdollisuus k\u00e4ytt\u00e4\u00e4 kurssin aikana omia v\u00e4lineit\u00e4.<\/p>\n<p>&nbsp;<\/p>\n<h3>Kuka pit\u00e4\u00e4?<\/h3>\n<p>Koulutuksia pit\u00e4\u00e4 Markku Lehtola. Markku on parranajajat.fi-sivujen ja Facebook-ryhm\u00e4n perustaja, joka on ker\u00e4illyt ja teroittanut veitsi\u00e4 vuodesta 2014.<\/p>\n<h4 id=\"tarjous\">Kysy lis\u00e4tietoja\/tarjousta, yhteystiedot l\u00f6ytyv\u00e4t Info-valikosta. Kurssi voidaan my\u00f6s r\u00e4\u00e4t\u00e4l\u00f6id\u00e4 vastaamaan tarpeita!<\/h4>\n","protected":false},"excerpt":{"rendered":"<p>Parranajajat kouluttaa! Tarjoamme edullisia m\u00e4rk\u00e4ajokoulutuksia, taustalla ei tarvitse olla alan koulutusta, vaan kuka tahansa voi osallistua kurssille. Kurssit pidet\u00e4\u00e4n p\u00e4\u00e4s\u00e4\u00e4nt\u00f6isesti asiakkaan tiloissa (koulutustila Helsingiss\u00e4 my\u00f6s k\u00e4ytett\u00e4viss\u00e4). Tilasta olisi hyv\u00e4 l\u00f6yty\u00e4 vesipiste ja p\u00f6yt\u00e4tilaa. Meilt\u00e4 l\u00f6ytyy my\u00f6s yksi mukana kulkeva parturituoli.\u00a0 Kurssit voi maksaa ennakkoon tilille, MobilePayll\u00e4, Paypalilla, laskulla, k\u00e4teisell\u00e4 tai pankkikortilla. Kurssin sis\u00e4lt\u00f6 r\u00e4\u00e4t\u00e4l\u00f6it\u00e4viss\u00e4 tarpeen &hellip; <a href=\"https:\/\/www.parranajajat.fi\/?page_id=558\" class=\"more-link\">Jatka lukemista<span class=\"screen-reader-text\"> &#8221;Koulutuksia&#8221;<\/span><\/a><\/p>\n","protected":false},"author":1,"featured_media":0,"parent":0,"menu_order":0,"comment_status":"closed","ping_status":"closed","template":"","meta":{"footnotes":"","_links_to":"","_links_to_target":""},"class_list":["post-558","page","type-page","status-publish","hentry"],"_links":{"self":[{"href":"https:\/\/www.parranajajat.fi\/index.php?rest_route=\/wp\/v2\/pages\/558","targetHints":{"allow":["GET"]}}],"collection":[{"href":"https:\/\/www.parranajajat.fi\/index.php?rest_route=\/wp\/v2\/pages"}],"about":[{"href":"https:\/\/www.parranajajat.fi\/index.php?rest_route=\/wp\/v2\/types\/page"}],"author":[{"embeddable":true,"href":"https:\/\/www.parranajajat.fi\/index.php?rest_route=\/wp\/v2\/users\/1"}],"replies":[{"embeddable":true,"href":"https:\/\/www.parranajajat.fi\/index.php?rest_route=%2Fwp%2Fv2%2Fcomments&post=558"}],"version-history":[{"count":18,"href":"https:\/\/www.parranajajat.fi\/index.php?rest_route=\/wp\/v2\/pages\/558\/revisions"}],"predecessor-version":[{"id":748,"href":"https:\/\/www.parranajajat.fi\/index.php?rest_route=\/wp\/v2\/pages\/558\/revisions\/748"}],"wp:attachment":[{"href":"https:\/\/www.parranajajat.fi\/index.php?rest_route=%2Fwp%2Fv2%2Fmedia&parent=558"}],"curies":[{"name":"wp","href":"https:\/\/api.w.org\/{rel}","templated":true}]}}