{"id":426,"date":"2016-03-08T23:25:04","date_gmt":"2016-03-08T21:25:04","guid":{"rendered":"http:\/\/www.parranajajat.fi\/sivut\/?page_id=426"},"modified":"2025-06-18T11:08:37","modified_gmt":"2025-06-18T08:08:37","slug":"ukk-faq-tietokanta","status":"publish","type":"page","link":"https:\/\/www.parranajajat.fi\/?page_id=426","title":{"rendered":"UKK-FAQ-tietokanta"},"content":{"rendered":"<h2><strong>V\u00e4lineet ja aineet, eli mit\u00e4 kaikkea sis\u00e4ltyy m\u00e4rk\u00e4ajoon<\/strong><\/h2>\n<p>MIKSI?<\/p>\n<p>Niin, miksi harrastaa m\u00e4rk\u00e4ajoa? No, se on yksinkertaisesti paras ja ihoyst\u00e4v\u00e4llisin tapa lyhent\u00e4\u00e4 ihon karvoitusta. Eli t\u00e4ss\u00e4 tapauksessa, vanha konsti ON parempi kuin pussillinen uusia. Kaikki s\u00e4hk\u00f6iset p\u00e4ristimet, moniter\u00e4muovilelut ja purkkivaahdot hylk\u00e4\u00e4mme tylysti. Jos et usko, kokeile. Lupaamme, ettet kadu.<\/p>\n<h4>preshave<\/h4>\n<p>Voi olla \u00f6ljy- tai cremetyyppinen. Tarkoitus on valmistella iho ajoa varten. Kostuttaa ihoa, v\u00e4hent\u00e4\u00e4 \u00e4rsytyst\u00e4. Parasta esivalmistelua on saunominen.<\/p>\n<h4>parranajosaippua<\/h4>\n<p>Kova saippua tai creme. Erilaisten tuoksujen m\u00e4\u00e4r\u00e4 rajaton. Parranajosaippua pesee karvat ja helpottaa karvan katkaisemista. Toimii tietenkin my\u00f6s voiteluaineena jonka p\u00e4\u00e4ll\u00e4 veitsi\/h\u00f6yl\u00e4 liukuu helpommin. Valmis purkkivaahto on hyihyi, j\u00e4t\u00e4 ne kaupan hyllylle, eiv\u00e4t oikein p\u00e4rj\u00e4\u00e4 n\u00e4ille oikeille aineille ja tekemisen fiiliskin j\u00e4\u00e4 pois. Kaupoilla py\u00f6riess\u00e4 ei kannata my\u00f6sk\u00e4\u00e4n erehty\u00e4 hankkimaan partasaippuaa, jolla siis pest\u00e4\u00e4n parta, ei ajeta.<\/p>\n<h4>aftershave<\/h4>\n<p>Balsami, lotion, emulsio, cream. Rauhoittaa ihoa ajon j\u00e4lkeen. Yhten\u00e4 vaihtoehtona my\u00f6s aluna joka toimii deodoranttinakin ja tyrehdytt\u00e4\u00e4 nopeasti pienet verenvuodot. Emme suosittele alkoholipitoisia aineita (mieluiten ajon j\u00e4lkeen sis\u00e4isesti). Tuoksuvalikoima huomattava.<\/p>\n<h4>partasuti<\/h4>\n<p>Parhaat m\u00e4yr\u00e4n karvaa, k\u00e4ytet\u00e4\u00e4n my\u00f6s villisikaa, hevosta ja synteettisi\u00e4 karvoja. Suti levitt\u00e4\u00e4 vaahdon kasvoille ja nostaa hieman karvoja, jotta veitsen on ne helpompi katkoa. Liota joitakin minuutteja kuumassa vedess\u00e4 ennen saippuan lataamista sutiin. Liotuksen tarve vaihtelee suuresti sudista riippuen. Varsinaista sis\u00e4\u00e4najoa\/k\u00e4ytt\u00f6\u00f6nottoa ei oikeastaan ole, el\u00e4imen tuoksu voi vaatia joitakin ajoja poistuakseen uudesta sudista. Voit my\u00f6s pest\u00e4 sudin vaikka koirashampoolla (ei sis. hajusteita) jos tuoksu h\u00e4iritsee. Huuhtele huolellisesti ajon j\u00e4lkeen kuumalla vedell\u00e4, mutta \u00e4l\u00e4 lotraa liikaa, ettei solmun liima anna periksi. Pari kertaa vuodessa sudin voi huoltaa pesem\u00e4ll\u00e4 sen esim. koirashampoolla. Sudille hankitaan yleens\u00e4 jonkinlainen teline jossa se voi ilmavassa tilassa kuivua. Kuivumisen kannalta on sama kummin p\u00e4in suti telineess\u00e4 on. Hevosen h\u00e4nt\u00e4jouhista\/harjasta tehty suti saattaa menn\u00e4 &#8221;takkuun&#8221; jos saippuan latausliike on kovin py\u00f6riv\u00e4. V\u00e4hempi voimank\u00e4ytt\u00f6 yleens\u00e4 my\u00f6s auttaa. Takuista selvi\u00e4\u00e4 samoilla konsteilla kuin hiustenkin kanssa, eli kampaamalla\/harjaamalla. Hyv\u00e4n sudin ja parranajosaippuan kombinaation l\u00f6yt\u00e4miseksi kannattaa tehd\u00e4 kokeiluja.<\/p>\n<h4>saippuakulho<\/h4>\n<p>Saippuan vaahdottamiseen k\u00e4ytett\u00e4v\u00e4 kulho. Mik\u00e4 tahansa reunallinen kippo k\u00e4y, mutta kulholla jonka pohjassa on &#8221;kohoumia&#8221; joita vasten sutia liikutellaan, saat nopeammin hyv\u00e4n vaahdon. Keraaminen kulho on mukava l\u00e4mmitt\u00e4\u00e4 kuumalla vedell\u00e4 jolloin vaahtokin on kasvoille levitett\u00e4ess\u00e4 l\u00e4mmint\u00e4 ja miellytt\u00e4v\u00e4\u00e4. Samaa kulhoa k\u00e4ytet\u00e4\u00e4n monesti sudin liottamiseen. Saippuan vaahdotus voidaan tehd\u00e4 my\u00f6s ilman kulhoa k\u00e4mmenelle tai suoraan kasvoille. Syntyv\u00e4n vaahdon pit\u00e4isi olla &#8221;t\u00e4m\u00e4kk\u00e4\u00e4&#8221;, ei siis mit\u00e4\u00e4n litkua. Vaahtoa voi nostaa sudin k\u00e4rjelle ja vaahdon pit\u00e4\u00e4 pysy\u00e4 muodossaan, eik\u00e4 valua. Kolme hyv\u00e4n, valmiin vaahdon tunnusmerkki\u00e4: pinta kiilt\u00e4\u00e4, ei ilmakuplia, &#8221;ritisev\u00e4&#8221; \u00e4\u00e4ni on vatkatessa loppunut.<\/p>\n<h4>partaveitsi<\/h4>\n<p>Veitset voidaan jakaa esim. uusiin ja ns. vintageveitsiin. Veitsen ter\u00e4 voi olla hopeater\u00e4st\u00e4, &#8221;puukkoter\u00e4st\u00e4&#8221;\/hiiliter\u00e4st\u00e4 tai vastaavaa tai ruostumatonta ter\u00e4st\u00e4 (rst on hankalampi teroittaa, mutta pysyy my\u00f6s kauemmin ter\u00e4v\u00e4n\u00e4). Kahva on muovia, puuta, luuta tai metallia. Uusien hyvien veitsien hinnat alkavat noin sadasta eurosta. Hyv\u00e4n vintageveitsen voi parhaimmillaan l\u00f6yt\u00e4\u00e4 kirppikselt\u00e4 eurolla. Tavanomainen, hyv\u00e4n vintageveitsen hinta on 20-100 eur. Sek\u00e4 uusi, ett\u00e4 k\u00e4ytetty veitsi kannattaa varautua aina teroittamaan\/teroituttamaan, vaikka se myyt\u00e4isiinkin ns. ajovalmiina. Partaveitsen ter\u00e4n leveys vaihtelee ja ilmoitetaan yleens\u00e4 8- tai 16-osatuumina, esim. yleiset koot 5\/8&#8243; ja 6\/8&#8221;. Ter\u00e4n muodon koveruus vaihtelee my\u00f6s, koverampi veitsi on hankalampi valmistaa ja siten kalliimpi, mutta helpompi teroittaa. Ter\u00e4suun muoto pituussuunnassa voi olla suora tai ns. hymyilev\u00e4 eli kaareva. Hymyilev\u00e4 ter\u00e4 on haastavampi teroittaa. Ter\u00e4n p\u00e4\u00e4n muoto vaihtelee my\u00f6s, p\u00e4\u00e4ss\u00e4 voi olla esim. &#8221;barber&#8217;s notch&#8221;. P\u00e4\u00e4n muoto voi olla pelkk\u00e4 ulkon\u00e4k\u00f6asia, mutta ainakin joillakin niist\u00e4 on jokin selke\u00e4 funktio. Ter\u00e4\u00e4n voidaan lis\u00e4t\u00e4 erilaisia koristeita hiomalla ja etsaamalla. My\u00f6s kahva voi olla hyvin koristeellinen. Partaveitsi ruostuu helposti jos sit\u00e4 s\u00e4ilytet\u00e4\u00e4n kosteassa tilassa. \u00c4l\u00e4 s\u00e4ilyt\u00e4 sit\u00e4 siis esim.. pesuhuonessa.<\/p>\n<p><a href=\"http:\/\/www.parranajajat.fi\/sivut\/wp-content\/uploads\/2016\/03\/IMG_20170322_171843.jpg\"><img loading=\"lazy\" decoding=\"async\" class=\"size-medium wp-image-618 alignnone\" src=\"http:\/\/www.parranajajat.fi\/sivut\/wp-content\/uploads\/2016\/03\/IMG_20170322_171843-225x300.jpg\" alt=\"\" width=\"225\" height=\"300\" srcset=\"https:\/\/www.parranajajat.fi\/sivut\/wp-content\/uploads\/2016\/03\/IMG_20170322_171843-225x300.jpg 225w, https:\/\/www.parranajajat.fi\/sivut\/wp-content\/uploads\/2016\/03\/IMG_20170322_171843.jpg 500w\" sizes=\"auto, (max-width: 225px) 85vw, 225px\" \/><\/a><\/p>\n<p>Kuvassa ote jolla partaveist\u00e4 (ja shavettea) yleens\u00e4 k\u00e4ytet\u00e4\u00e4n. Eli 2 sormea kahvan etu- ja yl\u00e4puolella, yksi kahvan alapuolella ja peukku ter\u00e4n alapuolella, kahvan yl\u00e4puolella. Japanilaisessa kamisorissa, ote on enemm\u00e4n &#8221;voiveitsim\u00e4inen&#8221;. Kamisorissa ei ole taittuvaa kahvaa ja ter\u00e4 on teroitettu toispuoleisesti tai symmetrisesti (eurooppalainen teroitus).<\/p>\n<h4>shavette<\/h4>\n<p>partaveitsen n\u00e4k\u00f6inen kapistus jossa k\u00e4ytet\u00e4\u00e4n kertak\u00e4ytt\u00f6teri\u00e4. Parturiliikkeet suosivat, koska shavette ei tarvitse teroitusta ja desinfiointia ei juuri tarvita kertak\u00e4ytt\u00f6isen ter\u00e4n takia. Edullinen vaihtoehto kokeilla veitsen tapaista ajamista (ei kyll\u00e4 vastaa oikeaa veist\u00e4, ajo on &#8221;repiv\u00e4mp\u00e4\u00e4&#8221;, paitsi ehk\u00e4 ihan parhaitten shavettejen osalta).<\/p>\n<h4>partah\u00f6yl\u00e4<\/h4>\n<p>SE; single edge, DE; double edge. Eli yksi ter\u00e4 jossa yksi leikkaava sivu (SE) tai kaksi leikkaavaa sivua (DE). Moniter\u00e4h\u00e4rp\u00e4ttimi\u00e4 emme k\u00e4yt\u00e4. Puhumattakaan mist\u00e4\u00e4n s\u00e4hk\u00f6k\u00e4ytt\u00f6isist\u00e4 vempaimista. H\u00f6yl\u00e4n valmistusmateriaalit, paino, &#8221;ottavuus&#8221; ja muut ominaisuudet poikkeavat toisistaan paljon. Itse\u00e4 miellytt\u00e4v\u00e4n h\u00f6yl\u00e4n ja ter\u00e4n yhdistelm\u00e4n l\u00f6yt\u00e4minen voi edellytt\u00e4\u00e4 monta kokeilua.<\/p>\n<h4>pyyhe<\/h4>\n<p>Pyyhkeelle on parranajossa monenlaista k\u00e4ytt\u00f6\u00e4. L\u00e4mpim\u00e4ll\u00e4 pyyhkeell\u00e4 voi valmistella kasvon ihoa ennen ajoa. Kylm\u00e4ll\u00e4 pyyhkeell\u00e4 taas rauhoitella ajon j\u00e4lkeen. Pyyhkeeseen voi pyyhki\u00e4 tietysti kasvonsa parranajosaippuasta ja veist\u00e4 ajon aikana. Pyyhett\u00e4 voi k\u00e4ytt\u00e4\u00e4 my\u00f6s teroituskiven alla suojaamassa p\u00f6yt\u00e4\u00e4 ja est\u00e4m\u00e4ss\u00e4 kiven liikkumista teroituksen aikana.<\/p>\n<h4>teroituskivi (teroittaminen l. hoonaminen)<\/h4>\n<p>Teroituskivet ovat joko synteettisi\u00e4 (esim. Naniwa waterstones) tai luonnonkivi\u00e4 (esim. Coticule). Kivet likoavat vedess\u00e4 muutaman minuutin ajan ennen teroitusta. Kivet on hyv\u00e4 suoristaa jokaista teroitussessiota varten. Suoristamisen voi tehd\u00e4 erityisell\u00e4 tasoituskivell\u00e4, toista kive\u00e4 vasten (jonka karkeus on l\u00e4hell\u00e4 suoristettavaa) tai vaikka tukevan lasilevyn p\u00e4\u00e4ll\u00e4 olevan hienon vesihiomapaperin avulla. Uusi kivi on aina syyt\u00e4 suoristaa ennen k\u00e4ytt\u00f6\u00f6nottoa. On harvinaista, ett\u00e4 kivi on suora tehtaalta tullessaan.<\/p>\n<p>Kiven karkeuden yksikk\u00f6 on yleens\u00e4 grit. Synteettinen kokonainen teroitussetti (jota voidaan k\u00e4ytt\u00e4\u00e4 todella tyls\u00e4\u00e4n &#8221;kirppisl\u00f6yt\u00f6veitseen&#8221; tai veitseen johon on tullut vaikka pieni lovi) voi sis\u00e4lt\u00e4\u00e4 esim. seuraavat karkeudet: 1000, 3000,8000 ja 12000 grit. Noin 1000 gritin kivell\u00e4 asetetaan ter\u00e4kulma ja jo t\u00e4ss\u00e4 vaiheessa veitsen pit\u00e4\u00e4 pysty\u00e4 katkaisemaan vaikka k\u00e4sivarren karvoja. Hienompaan kiveen ei siirryt\u00e4 ennen kuin ter\u00e4kulma on kunnossa ja ter\u00e4 leikkaa koko pituudelta. Todella tylsi\u00e4 veitsi\u00e4 varten voi hankkia esim timanttiteroituslevyn, grit-arvo esim. 200 tai 400. Ajossa tylsyneelle veitselle voidaan tehd\u00e4 ns. yll\u00e4pitoteroitus. Siihen riitt\u00e4\u00e4 yleens\u00e4 yksi hieno kivi (8000-12000 grit) Teroitustekniikoita on monia. Teroitus tehd\u00e4\u00e4n aina vastater\u00e4\u00e4n eik\u00e4 voimaa k\u00e4ytet\u00e4. Luonnonkivill\u00e4 eri karkeudet saadaan aikaan hiovan massan avulla. Mit\u00e4 enemm\u00e4n massassa on vett\u00e4, sen hienompi teroitusj\u00e4lki. Massa saadaan aikaan nagurakivell\u00e4 jota voi k\u00e4ytt\u00e4\u00e4 my\u00f6s synteettisten kivien kanssa. T\u00e4ll\u00f6in ei tarvita niin useaa kive\u00e4. Luonnonkivill\u00e4 teroittaminen vaatii enemm\u00e4n opettelua, jokainen kivi kun on yksil\u00f6. Teroitusj\u00e4lke\u00e4 voi kokeilla k\u00e4sivarren karvoihin ja vaikka kynteen&#8230;ollessaan ter\u00e4v\u00e4, veitsi &#8221;t\u00f6kk\u00e4\u00e4&#8221; kynteen, eik\u00e4 liu&#8217;u sen pinnalla. Ajokulma riippuu veitsest\u00e4 ja on hieman yksil\u00f6llinen asia&#8230;10-30 astetta lienee haarukka. Paperin leikkaamista ei ole syyt\u00e4 k\u00e4ytt\u00e4\u00e4 ter\u00e4vyyden toteamiseksi&#8230;paperissa on t\u00e4yteaineena niin paljon kive\u00e4, ett\u00e4 paperin leikkaaminen itse asiassa tylsytt\u00e4\u00e4 veist\u00e4. Partaveitsen ja keitti\u00f6veitsen\/puukon teroittaminen ovat eri asioita! Ei kannata lannistua, vaikka ensimm\u00e4inen teroitusyritys p\u00e4\u00e4ttyy viel\u00e4 tyls\u00e4\u00e4n veitseen.<\/p>\n<h4>stroppi (stroppaaminen)<\/h4>\n<p>Stropilla veitsen ter\u00e4 viimeistell\u00e4\u00e4n. Stroppi on yleens\u00e4 nahkaa, mutta my\u00f6s balsaa tai hienoa kangasta voi k\u00e4ytt\u00e4\u00e4. Nahka voidaan my\u00f6s liimata puupalaan jolloin puhutaan mailastropista. Mailastropin toisella puolella voi olla ohut teroituskivi. Stroppaaminen ei en\u00e4\u00e4 teroituksen tapaan poista ter\u00e4st\u00e4 metallia, vaan l\u00e4hinn\u00e4 kiillottaa ja suoristaa ter\u00e4n k\u00e4rke\u00e4. Stroppien kanssa voidaan k\u00e4ytt\u00e4\u00e4 eri karkeuksisia teroitustahnoja ja timanttitahnoja. Yleens\u00e4 veitsi stropataan ennen jokaista ajoa. Stroppi ripustetaan esim. oven kahvaan, pidet\u00e4\u00e4n tiukkana ja veist\u00e4 liikutetaan 40&#8230;60 kertaa edestakaisin my\u00f6t\u00e4ter\u00e4\u00e4n. Stroppaamisessa ei k\u00e4ytet\u00e4 voimaa, eli veist\u00e4 ei paineta nahkaa vasten. Puhtaan stropin (ei tahnaa k\u00e4yt\u00f6ss\u00e4) hoitamiseen riitt\u00e4\u00e4 pyyhkiminen k\u00e4mmenell\u00e4 ennen k\u00e4ytt\u00f6\u00e4. K\u00e4mmenest\u00e4 irtoava rasva hoitaa nahkaa. Ajokunnossa olevaa veist\u00e4 voidaan k\u00e4ytt\u00e4\u00e4 yleens\u00e4 useita kymmeni\u00e4 kertoja ennen kuin se vaatii varsinaista yll\u00e4pitoteroitusta kivell\u00e4.<\/p>\n<h4>s\u00e4hk\u00f6teippi<\/h4>\n<p>Teroituksen yhteydess\u00e4 voidaan k\u00e4ytt\u00e4\u00e4 s\u00e4hk\u00f6teippi\u00e4 veitsen sel\u00e4ss\u00e4. T\u00e4ll\u00e4 on kaksi merkityst\u00e4. Teippi suojaa selk\u00e4\u00e4 kulumiselta ja toisaalta ter\u00e4kulma saadaan haettua nopeammin teippikerroksia lis\u00e4\u00e4m\u00e4ll\u00e4. Yleens\u00e4 tarvitaan 1-3 kerrosta. S\u00e4hk\u00f6teippi sopii tarkoitukseen hyvin, koska se kuluu hitaasti kive\u00e4 vasten. Toisaalta&#8230;.voidaan olla sit\u00e4 mielt\u00e4, ett\u00e4 sel\u00e4n kuuluukin kulua ter\u00e4suun mukana, koska t\u00e4ll\u00f6in ter\u00e4kulma s\u00e4ilyy paremmin samana veitsen vanhetessa. P\u00e4\u00e4t\u00e4 itse kumpaan koulukuntaan haluat kuulua.<\/p>\n<h4>suurennuslasi\/luuppi\/mikroskooppi<\/h4>\n<p>Teroitusj\u00e4lke\u00e4 voi tarkastella n\u00e4ill\u00e4 v\u00e4lineill\u00e4. Ehdoton hankinta varsinkin vanhoja veitsi\u00e4 kunnostaville.<\/p>\n<h3>Ajaminen<\/h3>\n<p><strong>Pitk\u00e4n kaavan mukaan<\/strong>, er\u00e4s tapa (jokaiselle muodostuu yleens\u00e4 oma tyyli, tavat ja prosessi):<\/p>\n<p>laita kuumalla vedell\u00e4 kasteltu pyyhe kasvoille hetkeksi (tai sauno hyv\u00e4n oluen kera)<\/p>\n<p>levit\u00e4 preshave, laita samalla suti likoamaan (preshavea ei tarvitse pyyhki\u00e4\/pest\u00e4 pois). preshaven voi levitt\u00e4\u00e4 kasvoille my\u00f6s ennen pyyhkeen laittamista.<\/p>\n<p>anna ylim\u00e4\u00e4r\u00e4isen veden valua pois sudista, \u00e4l\u00e4 ravista sutia (huom! t\u00e4m\u00e4 on vain yksi tapa vaahdottaa partasaippua)<\/p>\n<p>lataa partasuti kovalla saippualla, yleens\u00e4 noin 100 kierrosta kulhossa\/1 min riitt\u00e4\u00e4<\/p>\n<p>vaahdota parranajosaippua kulhossa, vaihda v\u00e4lill\u00e4 suuntaa, huomaat kuinka vaahto kuohkeutuu, &#8221;ritisev\u00e4 \u00e4\u00e4ni&#8221; loppuu, pinta alkaa kiilt\u00e4m\u00e4\u00e4n, ilmakuplat h\u00e4vi\u00e4v\u00e4t<\/p>\n<p>levit\u00e4 vaahto toiselle puolelle kasvoja (tai koko kasvoille)<\/p>\n<p>aja ensin my\u00f6t\u00e4karvaan<\/p>\n<p>levit\u00e4 vaahto toiselle puolelle, aja<\/p>\n<p>levit\u00e4 uusi kerros vaahtoa, ja t\u00e4ll\u00e4 kertaa aja sivusuuntaan<\/p>\n<p>ja kolmas kerta vastakarvaan uuden vaahdon kera (\u00e4l\u00e4 aja paljasta ihoa, lis\u00e4\u00e4 vaahtoa aina tarvittaessa)<\/p>\n<p>(vastakarvaan ajaminen varsinkin leuan alta ilman iho\u00e4rsytyst\u00e4 vaatii hyv\u00e4t aineet, esivalmistelut ja ter\u00e4v\u00e4t v\u00e4lineet! Huomioi my\u00f6s karvan kasvusuunta, kaikilla se ei ole sama)<\/p>\n<p>huuhtele kasvot l\u00e4mpim\u00e4ll\u00e4 vedell\u00e4<\/p>\n<p>huuhtele kasvot kylm\u00e4ll\u00e4 vedell\u00e4<\/p>\n<p>laita kasvoille hetkeksi kylm\u00e4ll\u00e4 vedell\u00e4 kasteltu pyyhe<\/p>\n<p>kuivaa kasvot<\/p>\n<p>levit\u00e4 aftershave, voit kokeilla aftershavena my\u00f6s pelkk\u00e4\u00e4 alunaa tai vaikka yli j\u00e4\u00e4nytt\u00e4 saippuavaahtoa<\/p>\n<p>ennen v\u00e4lineitten pesua, ota niist\u00e4 kuva ja l\u00e4het\u00e4 se Facebook-ryhm\u00e4\u00e4n \ud83d\ude42<\/p>\n<p>pese v\u00e4lineet, huuhtele suti huolellisesti ja j\u00e4t\u00e4 se ilmavaan paikkaan kuivumaan, kuivaa veitsi pyyhkeell\u00e4 ja j\u00e4t\u00e4 se avonaisena vuorokaudeksi kuivumaan. \u00c4l\u00e4 s\u00e4ilyt\u00e4 veist\u00e4 pesuhuoneessa tai muussa kosteassa tilassa, se ruostuu!<\/p>\n<p>nyt voi ottaa sen viskin \ud83d\ude42<\/p>\n<p><strong>Lyhyt kaava<\/strong><\/p>\n<p>pese kasvot<\/p>\n<p>preshave<\/p>\n<p>vaahto<\/p>\n<p>ajo kerran<\/p>\n<p>huuhtele kasvot<\/p>\n<p>aftershave<\/p>\n<h3>Usein kysytt\u00e4&#8230;<\/h3>\n<p>Haluan kokeilla veitsell\u00e4 ajamista, mist\u00e4 saan edullisen veitsen?<\/p>\n<p style=\"padding-left: 30px;\">Helpoin tapa on kysell\u00e4 t\u00e4\u00e4lt\u00e4, eli keskustelufoorumilta ja Facebook-ryhmist\u00e4 &#8221;Parranajajat&#8221; ja Parranajajat kirpputori&#8221;. Vintageveitsi\u00e4 l\u00f6ytyy my\u00f6s kirpputoreilta ja vanhan tavaran liikkeist\u00e4. Varaudu teroitukseen. \u00c4l\u00e4 osta halpaa uutta veist\u00e4! Suuri osa alle 30 euron uusista veitsist\u00e4 on k\u00e4yt\u00e4nn\u00f6ss\u00e4 k\u00e4ytt\u00f6kelvottomia, eik\u00e4 niist\u00e4 saa hyv\u00e4\u00e4 v\u00e4ltt\u00e4m\u00e4tt\u00e4 edes teroittamalla.<\/p>\n<p>Voiko veitsell\u00e4 ajaa p\u00e4\u00e4n?<\/p>\n<p style=\"padding-left: 30px;\">Kyll\u00e4. Se on itseasiassa hyvinkin helppoa. Iho on p\u00e4\u00e4n p\u00e4\u00e4ll\u00e4 luonnostaan kire\u00e4mp\u00e4\u00e4 kuin kasvoilla, joten ajaminen on helppoa. Varaudu stroppaamaan kesken ajon tai varaa kaksi veist\u00e4&#8230;pinta-alaa on paljon.<\/p>\n<p>Mist\u00e4 saan aineen\/v\u00e4lineen\/palvelun?<\/p>\n<p style=\"padding-left: 30px;\">Pyrimme kokoamaan kotimaiset toimijat joilta k\u00e4yt\u00e4nn\u00f6ss\u00e4 saa jo kaiken tarpeellisen nyky\u00e4\u00e4n&#8230;<a href=\"https:\/\/www.parranajajat.fi\/?page_id=722\">Linkit<\/a><\/p>\n<p>EU:n ulkopuolelta ostetun tarvikkeen tullaus?<\/p>\n<p style=\"padding-left: 30px;\">tullin nettitullauspalvelusta l\u00f6ytyy seuraavaa:<\/p>\n<p style=\"padding-left: 30px;\">parranajovalmisteet: <span data-ft=\"{\"><span class=\"UFICommentBody\">3307100000<\/span><\/span><br \/>\nparranajov\u00e4lineet ja osat: 8212109000<\/p>\n<p>Mit\u00e4 ulkomaisia kauppoja kannattaa k\u00e4ytt\u00e4\u00e4?<\/p>\n<p style=\"padding-left: 30px;\">Listaa kaupoista ker\u00e4t\u00e4\u00e4n t\u00e4nne, lis\u00e4\u00e4 kauppa listalle jos l\u00f6yd\u00e4t hyv\u00e4n uuden: <a href=\"https:\/\/drive.google.com\/folder\/d\/0B2l6G8RrTQdjTWREbUQxcGtkYVE\/edit\" target=\"_blank\" rel=\"noopener\">https:\/\/drive.google.com\/folder\/d\/0B2l6G8RrTQdjTWREbUQxcGtkYVE\/edit<\/a><\/p>\n<p style=\"padding-left: 30px;\">Lis\u00e4ksi tietenkin voit hukata itsesi tunneiksi esim. eBayn tai Etsyn sy\u00f6vereihin&#8230;ja k\u00e4ytt\u00e4\u00e4 &#8221;ihan vahingossa&#8221; paljon rahaa.<\/p>\n<p>Miksi asia X ohjeistetaan videolla Z ihan eri tavalla kuin videolla W, mik\u00e4 on se oikea tapa?<\/p>\n<p style=\"padding-left: 30px;\">Niinp\u00e4. M\u00e4rk\u00e4ajossa l\u00e4hes jokainen asia on mahdollista tehd\u00e4 useammalla eri tavalla ja p\u00e4\u00e4st\u00e4 silti hyv\u00e4\u00e4n lopputulokseen. Se on yksi t\u00e4m\u00e4n touhun suola&#8230;voit etsi\u00e4 sen oman tavan kaikessa rauhassa ja pit\u00e4yty\u00e4 siin\u00e4, tai kokeilla kaikkia konsteja ja keksi\u00e4 itse lis\u00e4\u00e4!<\/p>\n","protected":false},"excerpt":{"rendered":"<p>V\u00e4lineet ja aineet, eli mit\u00e4 kaikkea sis\u00e4ltyy m\u00e4rk\u00e4ajoon MIKSI? Niin, miksi harrastaa m\u00e4rk\u00e4ajoa? No, se on yksinkertaisesti paras ja ihoyst\u00e4v\u00e4llisin tapa lyhent\u00e4\u00e4 ihon karvoitusta. Eli t\u00e4ss\u00e4 tapauksessa, vanha konsti ON parempi kuin pussillinen uusia. Kaikki s\u00e4hk\u00f6iset p\u00e4ristimet, moniter\u00e4muovilelut ja purkkivaahdot hylk\u00e4\u00e4mme tylysti. Jos et usko, kokeile. Lupaamme, ettet kadu. preshave Voi olla \u00f6ljy- tai cremetyyppinen. &hellip; <a href=\"https:\/\/www.parranajajat.fi\/?page_id=426\" class=\"more-link\">Jatka lukemista<span class=\"screen-reader-text\"> &#8221;UKK-FAQ-tietokanta&#8221;<\/span><\/a><\/p>\n","protected":false},"author":1,"featured_media":0,"parent":0,"menu_order":0,"comment_status":"closed","ping_status":"closed","template":"","meta":{"footnotes":"","_links_to":"","_links_to_target":""},"class_list":["post-426","page","type-page","status-publish","hentry"],"_links":{"self":[{"href":"https:\/\/www.parranajajat.fi\/index.php?rest_route=\/wp\/v2\/pages\/426","targetHints":{"allow":["GET"]}}],"collection":[{"href":"https:\/\/www.parranajajat.fi\/index.php?rest_route=\/wp\/v2\/pages"}],"about":[{"href":"https:\/\/www.parranajajat.fi\/index.php?rest_route=\/wp\/v2\/types\/page"}],"author":[{"embeddable":true,"href":"https:\/\/www.parranajajat.fi\/index.php?rest_route=\/wp\/v2\/users\/1"}],"replies":[{"embeddable":true,"href":"https:\/\/www.parranajajat.fi\/index.php?rest_route=%2Fwp%2Fv2%2Fcomments&post=426"}],"version-history":[{"count":40,"href":"https:\/\/www.parranajajat.fi\/index.php?rest_route=\/wp\/v2\/pages\/426\/revisions"}],"predecessor-version":[{"id":750,"href":"https:\/\/www.parranajajat.fi\/index.php?rest_route=\/wp\/v2\/pages\/426\/revisions\/750"}],"wp:attachment":[{"href":"https:\/\/www.parranajajat.fi\/index.php?rest_route=%2Fwp%2Fv2%2Fmedia&parent=426"}],"curies":[{"name":"wp","href":"https:\/\/api.w.org\/{rel}","templated":true}]}}