{"id":36,"date":"2015-02-06T09:28:54","date_gmt":"2015-02-06T07:28:54","guid":{"rendered":"http:\/\/www.parranajajat.fi\/sivut\/?page_id=36"},"modified":"2024-08-16T15:44:31","modified_gmt":"2024-08-16T12:44:31","slug":"koti","status":"publish","type":"page","link":"https:\/\/www.parranajajat.fi\/","title":{"rendered":"KOTI"},"content":{"rendered":"<h2 style=\"text-align: center;\"><\/h2>\n<p>&nbsp;<\/p>\n<p>&nbsp;<\/p>\n<h2 style=\"text-align: center;\">Tervetuloa PARRANAJAJAT.fi sivustolle!<\/h2>\n<p style=\"text-align: center;\">Sivusto keskittyy klassiseen parranajoon, siin\u00e4 k\u00e4ytett\u00e4viin v\u00e4lineisiin ja kaikkeen mahdolliseen aiheeseen liittyv\u00e4\u00e4n. T\u00e4ss\u00e4 lyhyesti mist\u00e4 on kysymys: <a href=\"https:\/\/ajomiesblogi.wordpress.com\/mika-klassinen-parranajo\/\" target=\"_blank\" rel=\"noopener\">klassinen parranajo<\/a><\/p>\n<p style=\"text-align: center;\">K\u00e4yt\u00f6ss\u00e4 on <a href=\"http:\/\/www.parranajajat.fi\/foorumi\" target=\"_blank\" rel=\"noopener\">keskustelufoorumi<\/a>, jossa v\u00e4lineit\u00e4 voi my\u00f6s ostaa\/myyd\u00e4. Meid\u00e4t l\u00f6yt\u00e4\u00e4 my\u00f6s <a href=\"https:\/\/www.facebook.com\/groups\/partaveitsi\/\" target=\"_blank\" rel=\"noopener\">Facebookista<\/a>.<\/p>\n<p style=\"text-align: center;\">Linkit-valikkoon on ker\u00e4tty kotimaisia klassiseen parranajoon liittyvi\u00e4 linkkej\u00e4. Lajiin p\u00e4\u00e4see sis\u00e4\u00e4n my\u00f6s katsomalla videoita, joita l\u00f6ytyy vaikka t\u00e4m\u00e4n sivun alalaidasta.<\/p>\n<h5 style=\"text-align: center;\">Hyvi\u00e4 ajoja!<\/h5>\n<p>&nbsp;<\/p>\n<p style=\"text-align: center;\"><a href=\"http:\/\/www.parranajajat.fi\/sivut\/wp-content\/uploads\/2015\/02\/PARRANAJAJAT_logo-black.jpg\" rel=\"attachment wp-att-245\"><img loading=\"lazy\" decoding=\"async\" class=\"aligncenter size-medium wp-image-245\" src=\"http:\/\/www.parranajajat.fi\/sivut\/wp-content\/uploads\/2015\/02\/PARRANAJAJAT_logo-black-300x300.jpg\" alt=\"PARRANAJAJAT_logo-black\" width=\"300\" height=\"300\" srcset=\"https:\/\/www.parranajajat.fi\/sivut\/wp-content\/uploads\/2015\/02\/PARRANAJAJAT_logo-black-300x300.jpg 300w, https:\/\/www.parranajajat.fi\/sivut\/wp-content\/uploads\/2015\/02\/PARRANAJAJAT_logo-black-150x150.jpg 150w, https:\/\/www.parranajajat.fi\/sivut\/wp-content\/uploads\/2015\/02\/PARRANAJAJAT_logo-black.jpg 500w\" sizes=\"auto, (max-width: 300px) 85vw, 300px\" \/><\/a><\/p>\n<p><iframe loading=\"lazy\" src=\"https:\/\/www.youtube.com\/embed\/IKsqzPhkxZc\" width=\"213\" height=\"120\" frameborder=\"0\" allowfullscreen=\"allowfullscreen\"><\/iframe> <iframe loading=\"lazy\" src=\"https:\/\/www.youtube.com\/embed\/Z-tTNoW6D0w\" width=\"213\" height=\"120\" frameborder=\"0\" allowfullscreen=\"allowfullscreen\"><\/iframe> <iframe loading=\"lazy\" src=\"https:\/\/www.youtube.com\/embed\/nUWAAxgUVUE\" width=\"213\" height=\"120\" frameborder=\"0\" allowfullscreen=\"allowfullscreen\"><\/iframe> <iframe loading=\"lazy\" src=\"https:\/\/www.youtube.com\/embed\/AwlBAX--YVs\" width=\"213\" height=\"120\" frameborder=\"0\" allowfullscreen=\"allowfullscreen\"><\/iframe>\u00a0\u00a0<iframe loading=\"lazy\" src=\"https:\/\/www.youtube.com\/embed\/k7lnQp_ItPI\" width=\"213\" height=\"120\" frameborder=\"0\" allowfullscreen=\"allowfullscreen\"><\/iframe> <iframe loading=\"lazy\" src=\"https:\/\/www.youtube.com\/embed\/bwAj8eMgick\" width=\"213\" height=\"120\" frameborder=\"0\" allowfullscreen=\"allowfullscreen\"><\/iframe> <iframe loading=\"lazy\" src=\"https:\/\/www.youtube.com\/embed\/ZJnOwJRzHRA\" width=\"213\" height=\"120\" frameborder=\"0\" allowfullscreen=\"allowfullscreen\"><\/iframe> <iframe loading=\"lazy\" src=\"https:\/\/www.youtube.com\/embed\/T-eoKpv-rds\" width=\"213\" height=\"120\" frameborder=\"0\" allowfullscreen=\"allowfullscreen\"><\/iframe> <iframe loading=\"lazy\" src=\"https:\/\/www.youtube.com\/embed\/L5nOgq-894U\" width=\"213\" height=\"120\" frameborder=\"0\" allowfullscreen=\"allowfullscreen\"><\/iframe> <iframe loading=\"lazy\" src=\"https:\/\/www.youtube.com\/embed\/gg-nDSvG9FQ\" width=\"213\" height=\"120\" frameborder=\"0\" allowfullscreen=\"allowfullscreen\"><\/iframe>\u00a0\u00a0<iframe loading=\"lazy\" src=\"https:\/\/www.youtube.com\/embed\/e7fYh9JolOE\" width=\"213\" height=\"120\" frameborder=\"0\" allowfullscreen=\"allowfullscreen\"><\/iframe> <iframe loading=\"lazy\" src=\"https:\/\/www.youtube.com\/embed\/vWsHFhZewrw\" width=\"213\" height=\"120\" frameborder=\"0\" allowfullscreen=\"allowfullscreen\"><\/iframe> <iframe loading=\"lazy\" src=\"https:\/\/www.youtube.com\/embed\/l_LffR70tJs\" width=\"213\" height=\"120\" frameborder=\"0\" allowfullscreen=\"allowfullscreen\"><\/iframe> <iframe loading=\"lazy\" src=\"https:\/\/www.youtube.com\/embed\/GwCcAq-0jhg\" width=\"213\" height=\"120\" frameborder=\"0\" allowfullscreen=\"allowfullscreen\"><\/iframe> <iframe loading=\"lazy\" src=\"https:\/\/www.youtube.com\/embed\/GwCcAq-0jhg\" width=\"213\" height=\"120\" frameborder=\"0\" allowfullscreen=\"allowfullscreen\"><\/iframe> <iframe loading=\"lazy\" src=\"https:\/\/www.youtube.com\/embed\/2JtVPSUlkX8\" width=\"213\" height=\"120\" frameborder=\"0\" allowfullscreen=\"allowfullscreen\"><\/iframe> <iframe loading=\"lazy\" src=\"https:\/\/www.youtube.com\/embed\/c8mmSVBKLeA\" width=\"213\" height=\"120\" frameborder=\"0\" allowfullscreen=\"allowfullscreen\"><\/iframe> <iframe loading=\"lazy\" src=\"https:\/\/www.youtube.com\/embed\/e3bkWObmy2k\" width=\"213\" height=\"120\" frameborder=\"0\" allowfullscreen=\"allowfullscreen\"><\/iframe><br \/>\n<iframe loading=\"lazy\" src=\"https:\/\/www.youtube.com\/embed\/3quWa9Hg48s\" width=\"213\" height=\"120\" frameborder=\"0\" allowfullscreen=\"allowfullscreen\"><\/iframe><\/p>\n<p><span style=\"color: #000000;\">parranajo, parran ajaminen, partaveitsi, stroppaus, hoonaus, partah\u00f6yl\u00e4, partasuti, aftershave, preshave, parta, gillette, m\u00e4rk\u00e4ajo, klassinen parranajo<\/span><\/p>\n","protected":false},"excerpt":{"rendered":"<p>&nbsp; &nbsp; Tervetuloa PARRANAJAJAT.fi sivustolle! Sivusto keskittyy klassiseen parranajoon, siin\u00e4 k\u00e4ytett\u00e4viin v\u00e4lineisiin ja kaikkeen mahdolliseen aiheeseen liittyv\u00e4\u00e4n. T\u00e4ss\u00e4 lyhyesti mist\u00e4 on kysymys: klassinen parranajo K\u00e4yt\u00f6ss\u00e4 on keskustelufoorumi, jossa v\u00e4lineit\u00e4 voi my\u00f6s ostaa\/myyd\u00e4. Meid\u00e4t l\u00f6yt\u00e4\u00e4 my\u00f6s Facebookista. Linkit-valikkoon on ker\u00e4tty kotimaisia klassiseen parranajoon liittyvi\u00e4 linkkej\u00e4. Lajiin p\u00e4\u00e4see sis\u00e4\u00e4n my\u00f6s katsomalla videoita, joita l\u00f6ytyy vaikka t\u00e4m\u00e4n sivun &hellip; <a href=\"https:\/\/www.parranajajat.fi\/\" class=\"more-link\">Jatka lukemista<span class=\"screen-reader-text\"> &#8221;KOTI&#8221;<\/span><\/a><\/p>\n","protected":false},"author":1,"featured_media":0,"parent":0,"menu_order":1,"comment_status":"closed","ping_status":"open","template":"","meta":{"footnotes":"","_links_to":"","_links_to_target":""},"class_list":["post-36","page","type-page","status-publish","hentry"],"_links":{"self":[{"href":"https:\/\/www.parranajajat.fi\/index.php?rest_route=\/wp\/v2\/pages\/36","targetHints":{"allow":["GET"]}}],"collection":[{"href":"https:\/\/www.parranajajat.fi\/index.php?rest_route=\/wp\/v2\/pages"}],"about":[{"href":"https:\/\/www.parranajajat.fi\/index.php?rest_route=\/wp\/v2\/types\/page"}],"author":[{"embeddable":true,"href":"https:\/\/www.parranajajat.fi\/index.php?rest_route=\/wp\/v2\/users\/1"}],"replies":[{"embeddable":true,"href":"https:\/\/www.parranajajat.fi\/index.php?rest_route=%2Fwp%2Fv2%2Fcomments&post=36"}],"version-history":[{"count":56,"href":"https:\/\/www.parranajajat.fi\/index.php?rest_route=\/wp\/v2\/pages\/36\/revisions"}],"predecessor-version":[{"id":740,"href":"https:\/\/www.parranajajat.fi\/index.php?rest_route=\/wp\/v2\/pages\/36\/revisions\/740"}],"wp:attachment":[{"href":"https:\/\/www.parranajajat.fi\/index.php?rest_route=%2Fwp%2Fv2%2Fmedia&parent=36"}],"curies":[{"name":"wp","href":"https:\/\/api.w.org\/{rel}","templated":true}]}}